{"id":10410,"date":"2024-04-26T11:09:30","date_gmt":"2024-04-26T09:09:30","guid":{"rendered":"https:\/\/ccediaf.org\/?page_id=10410"},"modified":"2024-04-26T15:42:58","modified_gmt":"2024-04-26T13:42:58","slug":"pourquoi-adherer","status":"publish","type":"page","link":"https:\/\/ccediaf.org\/?page_id=10410","title":{"rendered":"Pourquoi Adh\u00e9rer"},"content":{"rendered":"\t\t<div data-elementor-type=\"wp-page\" data-elementor-id=\"10410\" class=\"elementor elementor-10410\">\n\t\t\t\t\t\t<section class=\"elementor-section elementor-top-section elementor-element elementor-element-809dc4b tm-bgcolor-grey tm-column-break-ipad-no tm-col-stretched-none elementor-section-boxed elementor-section-height-default elementor-section-height-default\" data-id=\"809dc4b\" data-element_type=\"section\">\n\t\t\t\t\t\t<div class=\"elementor-container elementor-column-gap-default\">\n\t\t\t\t\t<div class=\"elementor-column elementor-col-50 elementor-top-column elementor-element elementor-element-9f4f402\" data-id=\"9f4f402\" data-element_type=\"column\">\n\t\t\t<div class=\"elementor-widget-wrap elementor-element-populated\">\n\t\t\t\t\t\t<div class=\"elementor-element elementor-element-8978186 elementor-widget elementor-widget-image\" data-id=\"8978186\" data-element_type=\"widget\" data-widget_type=\"image.default\">\n\t\t\t\t<div class=\"elementor-widget-container\">\n\t\t\t<style>\/*! elementor - v3.19.0 - 07-02-2024 *\/\n.elementor-widget-image{text-align:center}.elementor-widget-image a{display:inline-block}.elementor-widget-image a img[src$=\".svg\"]{width:48px}.elementor-widget-image img{vertical-align:middle;display:inline-block}<\/style>\t\t\t\t\t\t\t\t\t\t<img fetchpriority=\"high\" decoding=\"async\" width=\"847\" height=\"635\" src=\"https:\/\/ccediaf.org\/wp-content\/uploads\/2024\/04\/4-min-1024x768.png\" class=\"attachment-large size-large wp-image-10388\" alt=\"\" srcset=\"https:\/\/ccediaf.org\/wp-content\/uploads\/2024\/04\/4-min-1024x768.png 1024w, https:\/\/ccediaf.org\/wp-content\/uploads\/2024\/04\/4-min-300x225.png 300w, https:\/\/ccediaf.org\/wp-content\/uploads\/2024\/04\/4-min-768x576.png 768w, https:\/\/ccediaf.org\/wp-content\/uploads\/2024\/04\/4-min-1536x1152.png 1536w, https:\/\/ccediaf.org\/wp-content\/uploads\/2024\/04\/4-min-654x490.png 654w, https:\/\/ccediaf.org\/wp-content\/uploads\/2024\/04\/4-min.png 2048w\" sizes=\"(max-width: 847px) 100vw, 847px\" data-id=\"10388\" \/>\t\t\t\t\t\t\t\t\t\t\t\t\t<\/div>\n\t\t\t\t<\/div>\n\t\t\t\t\t<\/div>\n\t\t<\/div>\n\t\t\t\t<div class=\"elementor-column elementor-col-50 elementor-top-column elementor-element elementor-element-5efae5c\" data-id=\"5efae5c\" data-element_type=\"column\">\n\t\t\t<div class=\"elementor-widget-wrap elementor-element-populated\">\n\t\t\t\t\t\t<div class=\"elementor-element elementor-element-b108cf5 elementor-widget elementor-widget-text-editor\" data-id=\"b108cf5\" data-element_type=\"widget\" data-widget_type=\"text-editor.default\">\n\t\t\t\t<div class=\"elementor-widget-container\">\n\t\t\t<style>\/*! elementor - v3.19.0 - 07-02-2024 *\/\n.elementor-widget-text-editor.elementor-drop-cap-view-stacked .elementor-drop-cap{background-color:#69727d;color:#fff}.elementor-widget-text-editor.elementor-drop-cap-view-framed .elementor-drop-cap{color:#69727d;border:3px solid;background-color:transparent}.elementor-widget-text-editor:not(.elementor-drop-cap-view-default) .elementor-drop-cap{margin-top:8px}.elementor-widget-text-editor:not(.elementor-drop-cap-view-default) .elementor-drop-cap-letter{width:1em;height:1em}.elementor-widget-text-editor .elementor-drop-cap{float:left;text-align:center;line-height:1;font-size:50px}.elementor-widget-text-editor .elementor-drop-cap-letter{display:inline-block}<\/style>\t\t\t\t<p style=\"text-align: justify;\"><span style=\"color: #000000;\">\u00c0 tous les entrepreneurs AMBITIEUX. Appropriez vous ce message.<\/span><\/p>\n<p style=\"text-align: justify;\"><span style=\"color: #000000;\">10 Raisons de Rejoindre le Club des Chefs d&#8217;Entreprise de la Diaspora Ivoirienne et Africaine de France (CCEDIAF)<\/span><\/p>\n<p style=\"text-align: justify;\"><span style=\"color: #000000;\">Le Club des Chefs d&#8217;Entreprise de la Diaspora Ivoirienne et Africaine de France (CCEDIAF) offre une plateforme enrichissante pour les entreprises et les entrepreneurs d\u00e9sireux de d\u00e9velopper leurs r\u00e9seaux, leurs comp\u00e9tences et leurs opportunit\u00e9s. 10 raisons essentielles pour lesquelles rejoindre le CCEDIAF est une d\u00e9cision judicieuse et strat\u00e9gique. De plus votre adh\u00e9sion au CCEDIAF vous donne acc\u00e8s au b\u00e9n\u00e9fice de tarifs pr\u00e9f\u00e9rentiels toute l&#8217;ann\u00e9e sur vos billets d&#8217;avion via la Compagnie CORSAIR (de -5% \u00e0 -20% de r\u00e9duction) :<\/span><\/p>\n<p style=\"text-align: justify;\"><span style=\"color: #000000;\">1. R\u00e9seautage Dynamique :Le CCEDIAF rassemble une communaut\u00e9 diversifi\u00e9e d&#8217;entrepreneurs et d&#8217;entreprises, offrant ainsi d&#8217;innombrables occasions de r\u00e9seautage professionnel et personnel.<\/span><\/p>\n<p style=\"text-align: justify;\"><span style=\"color: #000000;\">2. Acc\u00e8s \u00e0 l&#8217;Expertise : En rejoignant le CCEDIAF, les membres ont acc\u00e8s \u00e0 un r\u00e9seau d&#8217;experts dans divers domaines, facilitant ainsi le partage de connaissances et l&#8217;apprentissage continu.<\/span><\/p>\n<p style=\"text-align: justify;\"><span style=\"color: #000000;\">3. Opportunit\u00e9s de Collaboration : Le club favorise les collaborations entre ses membres, ouvrant la voie \u00e0 de nouvelles opportunit\u00e9s commerciales et de partenariat.<\/span><\/p>\n<p style=\"text-align: justify;\"><span style=\"color: #000000;\">4. Visibilit\u00e9 Accrue : Les membres b\u00e9n\u00e9ficient d&#8217;une visibilit\u00e9 accrue au sein de la communaut\u00e9 des affaires et au-del\u00e0, ce qui peut aider \u00e0 renforcer la notori\u00e9t\u00e9 de leur entreprise et \u00e0 attirer de nouveaux clients.<\/span><\/p>\n<p style=\"text-align: justify;\"><span style=\"color: #000000;\">5. Acc\u00e8s aux Ressources : Le CCEDIAF offre un acc\u00e8s privil\u00e9gi\u00e9 \u00e0 une multitude de ressources utiles, telles que des formations, des \u00e9v\u00e9nements exclusifs et des outils de d\u00e9veloppement professionnel.MASTERCLASS tous les mois dans le cadre d&#8217;une recontre business en After Work \u00e0 La Maison De l&#8217;Afrique Paris XVI\u00e8me.<\/span><\/p>\t\t\t\t\t\t<\/div>\n\t\t\t\t<\/div>\n\t\t\t\t\t<\/div>\n\t\t<\/div>\n\t\t\t\t\t<\/div>\n\t\t<\/section>\n\t\t\t\t<section class=\"elementor-section elementor-top-section elementor-element elementor-element-243e789 tm-column-break-ipad-no tm-col-stretched-none elementor-section-boxed elementor-section-height-default elementor-section-height-default\" data-id=\"243e789\" data-element_type=\"section\" data-settings=\"{&quot;background_background&quot;:&quot;classic&quot;}\">\n\t\t\t\t\t\t<div class=\"elementor-container elementor-column-gap-default\">\n\t\t\t\t\t<div class=\"elementor-column elementor-col-50 elementor-top-column elementor-element elementor-element-bce62e8\" data-id=\"bce62e8\" data-element_type=\"column\">\n\t\t\t<div class=\"elementor-widget-wrap elementor-element-populated\">\n\t\t\t\t\t\t<div class=\"elementor-element elementor-element-9e78546 elementor-widget elementor-widget-text-editor\" data-id=\"9e78546\" data-element_type=\"widget\" data-widget_type=\"text-editor.default\">\n\t\t\t\t<div class=\"elementor-widget-container\">\n\t\t\t\t\t\t\t<p style=\"text-align: justify;\"><span style=\"color: #000000;\">6. Support et Mentorat : Les membres du club b\u00e9n\u00e9ficient du soutien et des conseils de pairs et de mentors exp\u00e9riment\u00e9s, ce qui peut \u00eatre pr\u00e9cieux pour la croissance et le d\u00e9veloppement de leur entreprise.<\/span><\/p><p style=\"text-align: justify;\"><span style=\"color: #000000;\">7. Promotion de la Culture Entrepreneuriale :Le CCEDIAF encourage et promeut une culture entrepreneuriale dynamique au sein de la communaut\u00e9 diasporique, favorisant ainsi l&#8217;innovation et la cr\u00e9ativit\u00e9.<\/span><\/p><p style=\"text-align: justify;\"><span style=\"color: #000000;\">8. Acc\u00e8s aux March\u00e9s Africains :Gr\u00e2ce \u00e0 ses liens \u00e9troits avec l&#8217;Afrique, le CCEDIAF offre des opportunit\u00e9s aux membres souhaitant explorer ou d\u00e9velopper leurs activit\u00e9s sur le continentUne antenne du CCEDIAF existe en C\u00f4te d&#8217;Ivoire et d&#8217;autres verront le jour bient\u00f4t dans d&#8217;autres pays d&#8217;Afrique et du monde.<\/span><\/p><p style=\"text-align: justify;\"><span style=\"color: #000000;\">9. Plaidoyer et Repr\u00e9sentation : En tant que membre du CCEDIAF, les entreprises b\u00e9n\u00e9ficient d&#8217;une voix collective pour d\u00e9fendre leurs int\u00e9r\u00eats et pr\u00e9occupations aupr\u00e8s des autorit\u00e9s locales et internationales.<\/span><\/p><p style=\"text-align: justify;\"><span style=\"color: #000000;\">10. Engagement Communautaire :En s&#8217;engageant avec le CCEDIAF, les entreprises ont l&#8217;occasion de contribuer positivement et durablement au d\u00e9veloppement socio-\u00e9conomique de la diaspora ivoirienne et africaine en France et au-del\u00e0.<\/span><\/p><p style=\"text-align: justify;\"><span style=\"color: #000000;\">Adh\u00e9rer au CCEDIAF c&#8217;est \u00e9voluer sous l&#8217;empire de ces 10 points, d\u00e9montrant clairement les nombreux avantages et opportunit\u00e9s que le Club des Chefs d&#8217;Entreprise de la Diaspora Ivoirienne et Africaine de France offre \u00e0 ses membres. Rejoindre le CCEDIAF est bien plus qu&#8217;une simple adh\u00e9sion ; c&#8217;est un investissement dans la croissance, la r\u00e9ussite et la connexion au sein d&#8217;une communaut\u00e9 dynamique et engag\u00e9e. ADHERER AU CCEDIAF C&#8217;EST ADHERER A UN R\u00c9SULTAT, A UNE REALISATION. REJOIGNEZ NOUS ET FAITES PRENDRE DE L&#8217;ALTITUDE \u00c0 VOTRE BUSINESS. Cliquez sur ce lien pour adh\u00e9rer <a href=\"https:\/\/ccediaf.org\/?page_id=9268\">www.france.ccediaf.org<\/a><\/span><\/p>\t\t\t\t\t\t<\/div>\n\t\t\t\t<\/div>\n\t\t\t\t\t<\/div>\n\t\t<\/div>\n\t\t\t\t<div class=\"elementor-column elementor-col-50 elementor-top-column elementor-element elementor-element-dfbc936\" data-id=\"dfbc936\" data-element_type=\"column\">\n\t\t\t<div class=\"elementor-widget-wrap elementor-element-populated\">\n\t\t\t\t\t\t<div class=\"elementor-element elementor-element-c2469f3 elementor-widget elementor-widget-image\" data-id=\"c2469f3\" data-element_type=\"widget\" data-widget_type=\"image.default\">\n\t\t\t\t<div class=\"elementor-widget-container\">\n\t\t\t\t\t\t\t\t\t\t\t\t\t<img decoding=\"async\" width=\"847\" height=\"635\" src=\"https:\/\/ccediaf.org\/wp-content\/uploads\/2024\/04\/9-min-1024x768.png\" class=\"attachment-large size-large wp-image-10393\" alt=\"\" srcset=\"https:\/\/ccediaf.org\/wp-content\/uploads\/2024\/04\/9-min-1024x768.png 1024w, https:\/\/ccediaf.org\/wp-content\/uploads\/2024\/04\/9-min-300x225.png 300w, https:\/\/ccediaf.org\/wp-content\/uploads\/2024\/04\/9-min-768x576.png 768w, https:\/\/ccediaf.org\/wp-content\/uploads\/2024\/04\/9-min-654x490.png 654w, https:\/\/ccediaf.org\/wp-content\/uploads\/2024\/04\/9-min.png 1280w\" sizes=\"(max-width: 847px) 100vw, 847px\" data-id=\"10393\" \/>\t\t\t\t\t\t\t\t\t\t\t\t\t<\/div>\n\t\t\t\t<\/div>\n\t\t\t\t\t<\/div>\n\t\t<\/div>\n\t\t\t\t\t<\/div>\n\t\t<\/section>\n\t\t\t\t<\/div>\n\t\t","protected":false},"excerpt":{"rendered":"<p>\u00c0 tous les entrepreneurs AMBITIEUX. Appropriez vous ce message. 10 Raisons de Rejoindre le Club des Chefs d&#8217;Entreprise de la Diaspora Ivoirienne et Africaine de France (CCEDIAF) Le Club des Chefs d&#8217;Entreprise de la Diaspora Ivoirienne et Africaine de France (CCEDIAF) offre une plateforme enrichissante pour les entreprises et les entrepreneurs d\u00e9sireux de d\u00e9velopper leurs &hellip; <a href=\"https:\/\/ccediaf.org\/?page_id=10410\" class=\"more-link\">Continue reading <span class=\"screen-reader-text\">Pourquoi Adh\u00e9rer<\/span><\/a><\/p>\n","protected":false},"author":87,"featured_media":0,"parent":0,"menu_order":0,"comment_status":"closed","ping_status":"closed","template":"","meta":{"_monsterinsights_skip_tracking":false,"_monsterinsights_sitenote_active":false,"_monsterinsights_sitenote_note":"","_monsterinsights_sitenote_category":0,"_view_id":"","footnotes":""},"class_list":["post-10410","page","type-page","status-publish","hentry"],"_links":{"self":[{"href":"https:\/\/ccediaf.org\/index.php?rest_route=\/wp\/v2\/pages\/10410","targetHints":{"allow":["GET"]}}],"collection":[{"href":"https:\/\/ccediaf.org\/index.php?rest_route=\/wp\/v2\/pages"}],"about":[{"href":"https:\/\/ccediaf.org\/index.php?rest_route=\/wp\/v2\/types\/page"}],"author":[{"embeddable":true,"href":"https:\/\/ccediaf.org\/index.php?rest_route=\/wp\/v2\/users\/87"}],"replies":[{"embeddable":true,"href":"https:\/\/ccediaf.org\/index.php?rest_route=%2Fwp%2Fv2%2Fcomments&post=10410"}],"version-history":[{"count":64,"href":"https:\/\/ccediaf.org\/index.php?rest_route=\/wp\/v2\/pages\/10410\/revisions"}],"predecessor-version":[{"id":10569,"href":"https:\/\/ccediaf.org\/index.php?rest_route=\/wp\/v2\/pages\/10410\/revisions\/10569"}],"wp:attachment":[{"href":"https:\/\/ccediaf.org\/index.php?rest_route=%2Fwp%2Fv2%2Fmedia&parent=10410"}],"curies":[{"name":"wp","href":"https:\/\/api.w.org\/{rel}","templated":true}]}}